{"id":203,"date":"2017-03-26T22:13:07","date_gmt":"2017-03-26T20:13:07","guid":{"rendered":"http:\/\/coaching-konkret.de\/?page_id=203"},"modified":"2017-07-06T08:10:03","modified_gmt":"2017-07-06T06:10:03","slug":"referenzen","status":"publish","type":"page","link":"http:\/\/coaching-konkret.de\/index.php\/referenzen\/","title":{"rendered":"Referenzen"},"content":{"rendered":"<div class='content-column one_half'><div style=\"padding-right:0px;padding-left:0px;\"><p><img loading=\"lazy\" decoding=\"async\" class=\"alignnone size-full wp-image-258\" src=\"http:\/\/coaching-konkret.de\/wp-content\/uploads\/2017\/03\/stifte_wei\u00df-e1490821078585.jpg\" alt=\"\" width=\"590\" height=\"395\" srcset=\"http:\/\/coaching-konkret.de\/wp-content\/uploads\/2017\/03\/stifte_wei\u00df-e1490821078585.jpg 590w, http:\/\/coaching-konkret.de\/wp-content\/uploads\/2017\/03\/stifte_wei\u00df-e1490821078585-300x201.jpg 300w, http:\/\/coaching-konkret.de\/wp-content\/uploads\/2017\/03\/stifte_wei\u00df-e1490821078585-360x242.jpg 360w, http:\/\/coaching-konkret.de\/wp-content\/uploads\/2017\/03\/stifte_wei\u00df-e1490821078585-568x380.jpg 568w\" sizes=\"auto, (max-width: 590px) 100vw, 590px\" \/><\/p><\/div><\/div><div class='content-column one_half last_column'><div style=\"padding-right:20px;padding-left:20px;\"><h1>Referenzen<\/h1>\n<p>Das war die beste Entscheidung meines Lebens, zu Veronika ins Coaching zu gehen. Unglaublich, wie schnell sie mir geholfen hat!\u00a0<i>(Therese F.)<\/i><\/p>\n<hr \/>\n<p>Faszinierend, wie schnell man mit Frau Scharfenberg in einen ganz intensiven Prozess kommt. Ich h\u00e4tte nicht gedacht, dass innerhalb einer Stunde so viel passieren kann. <i>(Esther M.)<\/i><\/p>\n<hr \/>\n<p>Das Coaching bei Veronika ist eine Mischung aus detaillierter Analyse verbunden mit l\u00f6sungsorientierten Methoden. Der gesamte Prozess wurde abgestimmt auf mich und meine Bed\u00fcrfnisse. <i>(Franziska S.)<\/i><\/p>\n<hr \/>\n<p>Durch ihre empathische Art konnte mir Frau Scharfenberg sehr zielgerichtet helfen, schnell und unkompliziert eine L\u00f6sung f\u00fcr eine Konfliktsituation im B\u00fcro zu finden. Es macht Spa\u00df, mit ihr zu arbeiten! <i>(Sebastian R.)<\/i><\/p>\n<hr \/>\n<p>Ein ganz feines Coaching! <i>(Hannes Feinweber)<\/i><\/p><\/div><\/div><div class='clear_column'><\/div><\/p>\n","protected":false},"excerpt":{"rendered":"","protected":false},"author":1,"featured_media":0,"parent":0,"menu_order":0,"comment_status":"closed","ping_status":"closed","template":"page-templates\/front-page.php","meta":{"footnotes":""},"class_list":["post-203","page","type-page","status-publish","hentry","without-featured-image"],"aioseo_notices":[],"_links":{"self":[{"href":"http:\/\/coaching-konkret.de\/index.php\/wp-json\/wp\/v2\/pages\/203","targetHints":{"allow":["GET"]}}],"collection":[{"href":"http:\/\/coaching-konkret.de\/index.php\/wp-json\/wp\/v2\/pages"}],"about":[{"href":"http:\/\/coaching-konkret.de\/index.php\/wp-json\/wp\/v2\/types\/page"}],"author":[{"embeddable":true,"href":"http:\/\/coaching-konkret.de\/index.php\/wp-json\/wp\/v2\/users\/1"}],"replies":[{"embeddable":true,"href":"http:\/\/coaching-konkret.de\/index.php\/wp-json\/wp\/v2\/comments?post=203"}],"version-history":[{"count":8,"href":"http:\/\/coaching-konkret.de\/index.php\/wp-json\/wp\/v2\/pages\/203\/revisions"}],"predecessor-version":[{"id":288,"href":"http:\/\/coaching-konkret.de\/index.php\/wp-json\/wp\/v2\/pages\/203\/revisions\/288"}],"wp:attachment":[{"href":"http:\/\/coaching-konkret.de\/index.php\/wp-json\/wp\/v2\/media?parent=203"}],"curies":[{"name":"wp","href":"https:\/\/api.w.org\/{rel}","templated":true}]}}