{"id":173,"date":"2017-03-24T15:32:12","date_gmt":"2017-03-24T14:32:12","guid":{"rendered":"http:\/\/coaching-konkret.de\/?page_id=173"},"modified":"2017-03-31T08:59:21","modified_gmt":"2017-03-31T06:59:21","slug":"familieundberuf","status":"publish","type":"page","link":"http:\/\/coaching-konkret.de\/index.php\/familieundberuf\/","title":{"rendered":"Familie (und Beruf)"},"content":{"rendered":"<div class='content-column one_half'><div style=\"padding-right:0px;padding-left:0px;\"><p><img loading=\"lazy\" decoding=\"async\" class=\"alignnone size-full wp-image-155\" src=\"http:\/\/coaching-konkret.de\/wp-content\/uploads\/2017\/02\/kinder_01.jpg\" alt=\"\" width=\"590\" height=\"395\" srcset=\"http:\/\/coaching-konkret.de\/wp-content\/uploads\/2017\/02\/kinder_01.jpg 590w, http:\/\/coaching-konkret.de\/wp-content\/uploads\/2017\/02\/kinder_01-300x201.jpg 300w, http:\/\/coaching-konkret.de\/wp-content\/uploads\/2017\/02\/kinder_01-360x242.jpg 360w, http:\/\/coaching-konkret.de\/wp-content\/uploads\/2017\/02\/kinder_01-568x380.jpg 568w\" sizes=\"auto, (max-width: 590px) 100vw, 590px\" \/><\/p><\/div><\/div><div class='content-column one_half last_column'><div style=\"padding-right:20px;padding-left:20px;\"><h1>Familie (und Beruf)<\/h1>\n<ul>\n<li>Will ich nach der Geburt meines Kindes wieder arbeiten?<\/li>\n<li>Ist mein bisheriger Job dabei noch der richtige?<\/li>\n<li>Wie bleibe ich trotz Verzicht auf Karriere zufrieden?<\/li>\n<li>Erfolg im Job und Zeit f\u00fcr die Kinder: Wie schaffe ich das?<\/li>\n<li>Wie verhindere ich, dabei selbst auf der Strecke zu bleiben?<\/li>\n<\/ul>\n<p>Kinder ver\u00e4ndern alles: Ihren Alltag zuhause, Ihren Blick auf den Beruf und nicht zuletzt Sie selbst. Dem Elterngl\u00fcck stehen gro\u00dfe Verantwortung und viele neue Verpflichtungen gegen\u00fcber. In einem Coaching ergr\u00fcnden wir, wie Sie die verschiedenen Rollen in ein f\u00fcr Sie stimmiges Gleichgewicht bringen k\u00f6nnen.<\/p><\/div><\/div><div class='clear_column'><\/div><\/p>\n","protected":false},"excerpt":{"rendered":"","protected":false},"author":1,"featured_media":0,"parent":0,"menu_order":0,"comment_status":"closed","ping_status":"closed","template":"page-templates\/front-page.php","meta":{"footnotes":""},"class_list":["post-173","page","type-page","status-publish","hentry","without-featured-image"],"aioseo_notices":[],"_links":{"self":[{"href":"http:\/\/coaching-konkret.de\/index.php\/wp-json\/wp\/v2\/pages\/173","targetHints":{"allow":["GET"]}}],"collection":[{"href":"http:\/\/coaching-konkret.de\/index.php\/wp-json\/wp\/v2\/pages"}],"about":[{"href":"http:\/\/coaching-konkret.de\/index.php\/wp-json\/wp\/v2\/types\/page"}],"author":[{"embeddable":true,"href":"http:\/\/coaching-konkret.de\/index.php\/wp-json\/wp\/v2\/users\/1"}],"replies":[{"embeddable":true,"href":"http:\/\/coaching-konkret.de\/index.php\/wp-json\/wp\/v2\/comments?post=173"}],"version-history":[{"count":8,"href":"http:\/\/coaching-konkret.de\/index.php\/wp-json\/wp\/v2\/pages\/173\/revisions"}],"predecessor-version":[{"id":280,"href":"http:\/\/coaching-konkret.de\/index.php\/wp-json\/wp\/v2\/pages\/173\/revisions\/280"}],"wp:attachment":[{"href":"http:\/\/coaching-konkret.de\/index.php\/wp-json\/wp\/v2\/media?parent=173"}],"curies":[{"name":"wp","href":"https:\/\/api.w.org\/{rel}","templated":true}]}}