{"id":166,"date":"2017-03-24T14:40:19","date_gmt":"2017-03-24T13:40:19","guid":{"rendered":"http:\/\/coaching-konkret.de\/?page_id=166"},"modified":"2017-03-29T23:06:08","modified_gmt":"2017-03-29T21:06:08","slug":"coaching","status":"publish","type":"page","link":"http:\/\/coaching-konkret.de\/index.php\/coaching\/","title":{"rendered":"Coaching"},"content":{"rendered":"<p><div class='content-column one_half'><div style=\"padding-right:0px;padding-left:0px;\"><img loading=\"lazy\" decoding=\"async\" class=\"alignnone size-full wp-image-154\" src=\"http:\/\/coaching-konkret.de\/wp-content\/uploads\/2017\/02\/key_01-e1490813150488.jpg\" alt=\"\" width=\"590\" height=\"395\" srcset=\"http:\/\/coaching-konkret.de\/wp-content\/uploads\/2017\/02\/key_01-e1490813150488.jpg 590w, http:\/\/coaching-konkret.de\/wp-content\/uploads\/2017\/02\/key_01-e1490813150488-300x201.jpg 300w, http:\/\/coaching-konkret.de\/wp-content\/uploads\/2017\/02\/key_01-e1490813150488-360x242.jpg 360w, http:\/\/coaching-konkret.de\/wp-content\/uploads\/2017\/02\/key_01-e1490813150488-568x380.jpg 568w\" sizes=\"auto, (max-width: 590px) 100vw, 590px\" \/><\/div><\/div><div class='content-column one_half last_column'><div style=\"padding-right:20px;padding-left:20px;\"><h1>mein COACHING<\/h1>\n<p>Kennen Sie dieses Gef\u00fchl? In Konflikten st\u00e4ndig den K\u00fcrzeren zu ziehen? Weg zu wollen, aber nicht zu wissen, wohin? Zwischen Job und Familie Ihre eigenen Bed\u00fcrfnisse zu vernachl\u00e4ssigen? Ein Coaching kann Ihr Schl\u00fcssel sein. Gemeinsam suchen wir einen Weg f\u00fcr Ihr pers\u00f6nliches Anliegen &#8211; in konkreten, pragmatischen Schritten.<\/p>\n<p>Dabei geht es zu 100 Prozent um Sie. Ich bin \u00fcberzeugt: Sie bringen alles Notwendige mit, um Ihr Ziel zu erreichen oder Ihren Konflikt zu l\u00f6sen. Ich helfe Ihnen dabei, Ihre Ressourcen zu erkennen, neue M\u00f6glichkeiten zu entdecken und Ihren eigenen Weg zu beschreiten. Mein Ansatz: mit dem Blick von au\u00dfen auch Ihnen neue Perspektiven zu er\u00f6ffnen.<\/p><\/div><\/div><div class='clear_column'><\/div><\/p>\n","protected":false},"excerpt":{"rendered":"","protected":false},"author":1,"featured_media":0,"parent":0,"menu_order":0,"comment_status":"closed","ping_status":"closed","template":"page-templates\/front-page.php","meta":{"footnotes":""},"class_list":["post-166","page","type-page","status-publish","hentry","without-featured-image"],"aioseo_notices":[],"_links":{"self":[{"href":"http:\/\/coaching-konkret.de\/index.php\/wp-json\/wp\/v2\/pages\/166","targetHints":{"allow":["GET"]}}],"collection":[{"href":"http:\/\/coaching-konkret.de\/index.php\/wp-json\/wp\/v2\/pages"}],"about":[{"href":"http:\/\/coaching-konkret.de\/index.php\/wp-json\/wp\/v2\/types\/page"}],"author":[{"embeddable":true,"href":"http:\/\/coaching-konkret.de\/index.php\/wp-json\/wp\/v2\/users\/1"}],"replies":[{"embeddable":true,"href":"http:\/\/coaching-konkret.de\/index.php\/wp-json\/wp\/v2\/comments?post=166"}],"version-history":[{"count":11,"href":"http:\/\/coaching-konkret.de\/index.php\/wp-json\/wp\/v2\/pages\/166\/revisions"}],"predecessor-version":[{"id":263,"href":"http:\/\/coaching-konkret.de\/index.php\/wp-json\/wp\/v2\/pages\/166\/revisions\/263"}],"wp:attachment":[{"href":"http:\/\/coaching-konkret.de\/index.php\/wp-json\/wp\/v2\/media?parent=166"}],"curies":[{"name":"wp","href":"https:\/\/api.w.org\/{rel}","templated":true}]}}